{"id":46,"date":"2013-02-16T13:50:50","date_gmt":"2013-02-16T11:50:50","guid":{"rendered":"http:\/\/jokivarsi.net\/blog\/?page_id=46"},"modified":"2021-10-27T19:53:18","modified_gmt":"2021-10-27T16:53:18","slug":"toimintasuunnitelma","status":"publish","type":"page","link":"http:\/\/jokivarsi.net\/wp\/yhdistys\/toimintasuunnitelma","title":{"rendered":"Toimintasuunnitelma"},"content":{"rendered":"<p>1. S\u00e4\u00e4nt\u00f6m\u00e4\u00e4r\u00e4inen vuosikokous pidet\u00e4\u00e4n maaliskuussa ja siin\u00e4 k\u00e4sitell\u00e4\u00e4n s\u00e4\u00e4nt\u00f6jen edellytt\u00e4m\u00e4t asiat.<\/p>\n<p>2. Aktivoidaan asukkaita osallistumaan yhdistyksen toimintaan sek\u00e4 esitt\u00e4m\u00e4\u00e4n toiveitaan asuinalueen viihtyvyyteen ja turvallisuuteen liittyvist\u00e4 asioista omakotiyhdistyksen hallitukselle. J\u00e4rjestet\u00e4\u00e4n erilaisia asukastilaisuuksia tarpeen mukaan.<\/p>\n<p>3. Hallitus k\u00e4sittelee kokouksissaan esille tulleita asioita, ottaa kantaa, tekee anomuksia ja informoi asukkaita asioiden etenemisest\u00e4.Lis\u00e4ksi hallitus on yhteisty\u00f6ss\u00e4 mm. <a href=\"https:\/\/www.omakotiliitto.fi\/\">Suomen omakotiliiton<\/a>, Vantaan Omakotiyhdistysten keskusj\u00e4rjest\u00f6n (VOK) sek\u00e4 muiden yhteisty\u00f6kumppaneiden kanssa.<\/p>\n","protected":false},"excerpt":{"rendered":"<p>1. S\u00e4\u00e4nt\u00f6m\u00e4\u00e4r\u00e4inen vuosikokous pidet\u00e4\u00e4n maaliskuussa ja siin\u00e4 k\u00e4sitell\u00e4\u00e4n s\u00e4\u00e4nt\u00f6jen edellytt\u00e4m\u00e4t asiat. 2. Aktivoidaan asukkaita osallistumaan yhdistyksen toimintaan sek\u00e4 esitt\u00e4m\u00e4\u00e4n toiveitaan asuinalueen viihtyvyyteen ja turvallisuuteen liittyvist\u00e4 asioista omakotiyhdistyksen hallitukselle. J\u00e4rjestet\u00e4\u00e4n erilaisia asukastilaisuuksia tarpeen mukaan. 3. Hallitus k\u00e4sittelee kokouksissaan esille tulleita asioita, ottaa kantaa, tekee anomuksia ja informoi asukkaita asioiden etenemisest\u00e4.Lis\u00e4ksi hallitus on yhteisty\u00f6ss\u00e4 mm. Suomen omakotiliiton, [&hellip;]<\/p>\n","protected":false},"author":2,"featured_media":0,"parent":41,"menu_order":2,"comment_status":"closed","ping_status":"open","template":"","meta":{"ngg_post_thumbnail":0,"footnotes":""},"class_list":["post-46","page","type-page","status-publish","hentry"],"_links":{"self":[{"href":"http:\/\/jokivarsi.net\/wp\/wp-json\/wp\/v2\/pages\/46","targetHints":{"allow":["GET"]}}],"collection":[{"href":"http:\/\/jokivarsi.net\/wp\/wp-json\/wp\/v2\/pages"}],"about":[{"href":"http:\/\/jokivarsi.net\/wp\/wp-json\/wp\/v2\/types\/page"}],"author":[{"embeddable":true,"href":"http:\/\/jokivarsi.net\/wp\/wp-json\/wp\/v2\/users\/2"}],"replies":[{"embeddable":true,"href":"http:\/\/jokivarsi.net\/wp\/wp-json\/wp\/v2\/comments?post=46"}],"version-history":[{"count":4,"href":"http:\/\/jokivarsi.net\/wp\/wp-json\/wp\/v2\/pages\/46\/revisions"}],"predecessor-version":[{"id":980,"href":"http:\/\/jokivarsi.net\/wp\/wp-json\/wp\/v2\/pages\/46\/revisions\/980"}],"up":[{"embeddable":true,"href":"http:\/\/jokivarsi.net\/wp\/wp-json\/wp\/v2\/pages\/41"}],"wp:attachment":[{"href":"http:\/\/jokivarsi.net\/wp\/wp-json\/wp\/v2\/media?parent=46"}],"curies":[{"name":"wp","href":"https:\/\/api.w.org\/{rel}","templated":true}]}}